{"id":11,"date":"2019-11-21T22:39:45","date_gmt":"2019-11-21T21:39:45","guid":{"rendered":"http:\/\/lescrd.org\/?page_id=11"},"modified":"2024-03-20T11:58:25","modified_gmt":"2024-03-20T10:58:25","slug":"qui-sommes-nous","status":"publish","type":"page","link":"https:\/\/lescrd.org\/index.php\/qui-sommes-nous\/","title":{"rendered":"Qui sommes-nous ?"},"content":{"rendered":"<p><b>\u00a0<\/b><\/p>\n<p><b>Nous sommes une association tiers de confiance entre \u00e9lus et citoyens.<\/b> <b>Un garant<\/b> des pratiques d\u00e9mocratiques exemplaires. Chaque ann\u00e9e des adh\u00e9rents tir\u00e9s au sort viennent contr\u00f4ler que nous sommes digne de confiance. Voici <a href=\"https:\/\/docs.google.com\/document\/d\/1Lz7iKPKWWLqop7PW7d6GvVJ_Ltes7KeA\/edit\" target=\"_blank\" rel=\"noopener\"><b>le dernier rapport<\/b>. <\/a>Et si vous voulez diffuser cette bonne pratique dans votre association : voici <a href=\"https:\/\/docs.google.com\/document\/d\/1kYWleBzPLB4OyuBW0hUIeM-9w1Gv24RR\/edit?usp=sharing&amp;ouid=116749818647472609681&amp;rtpof=true&amp;sd=true\" target=\"_blank\" rel=\"noopener\"><b>la m\u00e9thodologie<\/b>.<\/a><\/p>\n\n\n<\/p>\n<figure>\n<blockquote>\n<p>\u00ab\u00a0Nous\u00a0\u00bb ce sont les adh\u00e9rents.<\/p>\n<\/blockquote>\n<\/figure>\n<p>\n\n\n<\/p>\n<p>\n\n\n<\/p>\n<p><strong>L\u2019association <\/strong>est un bien commun qui permet \u00e0 chacun d\u2019agir pour am\u00e9liorer notre d\u00e9mocratie, elle <strong>appartient \u00e0 ses adh\u00e9rents.<\/strong> Dans les faits il suffit de r\u00e9agir \u00e0 la lettre d&rsquo;information, d&rsquo;exprimer un avis ou de venir \u00e0 l&rsquo;AG pour influencer les d\u00e9cisions.<\/p>\n<p>\n\n\n<\/p>\n<p>\n\n\n<\/p>\n<p>Chaque ann\u00e9e des adh\u00e9rents sont tir\u00e9s au sort pour auditer l&rsquo;association et soumettre des propositions \u00e0 l&rsquo;AG.<\/p>\n<p>\n\n\n<\/p>\n<p>\n\n\n<\/p>\n<figure>\n<blockquote>\n<p>\u00ab\u00a0Nous\u00a0\u00bb ce sont <strong>les b\u00e9n\u00e9voles actifs <\/strong><\/p>\n<\/blockquote>\n<\/figure>\n<p>\n\n\n<\/p>\n<p>\n\n\n<\/p>\n<p>qui partagent les constats, ont envie d\u2019agir et se disent que la solution propos\u00e9e a des chances de fonctionner. La lettre d\u2019information propose des prises de responsabilit\u00e9s b\u00e9n\u00e9voles.<\/p>\n<p>\n\n\n<\/p>\n<p>\n\n\n<\/p>\n<a style=\"background-color: #ec5700; border-radius: 50px;\" href=\"https:\/\/docs.google.com\/spreadsheets\/d\/1togtaSX3cF9_qJVEsE2OsNCcFE0rDl8BGkhQE-CJHHw\/edit#gid=0\" target=\"_blank\" rel=\"noreferrer noopener\">REGARDEZ ICI LES MISSIONS BENEVOLES ACTUELLEMENT PROPOSEES ET POURVUES<\/a>\n<p>\n\n\n<\/p>\n<p>\n\n\n<\/p>\n<p>\n\n\n<\/p>\n<p>\n\n\n<\/p>\n<figure>\n<blockquote>\n<p>\u00ab\u00a0Nous\u00a0\u00bb ce sont l<strong>es membres du conseil d\u2019administration <\/strong><\/p>\n<\/blockquote>\n<\/figure>\n<p>\n\n\n<\/p>\n<p>\n\n\n<\/p>\n<p><strong>Les membres du CA sont s\u00e9lectionn\u00e9s avec le processus de \u00ab l\u2019\u00e9lection sans candidat \u00bb<\/strong>. Il est interdit de \u00ab faire campagne \u00bb pour prendre le pouvoir. Chacun propose un candidat car il pense qu\u2019il r\u00e9pond aux valeurs, savoir-faire et savoir-\u00eatre que l\u2019on a collectivement d\u00e9fini pour le poste. Le conseil d\u2019administration propose donc des personnes qu\u2019ils connaissent personnellement, g\u00e9n\u00e9ralement parce qu\u2019elles ont donn\u00e9 du temps b\u00e9n\u00e9vole.<\/p>\n<p>\n\n\n<\/p>\n<p>\n\n\n<\/p>\n<p class=\"is-layout-flex wp-container-core-columns-layout-1 wp-block-columns-is-layout-flex\">\n\n<\/p>\n<p class=\"is-layout-flow wp-block-column-is-layout-flow\">\n\n<\/p>\n<figure><a href=\"http:\/\/lescrd.org\/index.php\/genevieve_brichet\/\"><img decoding=\"async\" src=\"https:\/\/lescrd.org\/wp-content\/uploads\/2021\/05\/Genevi\u00e8ve-Brichet-4.png\" alt=\"\" \/><\/a>\n<p>\u00a0<\/p>\n<figcaption><strong>Pour repr\u00e9senter Le pact pour les Transition Lyon\u00a0 : Genevi\u00e8ve Brichet,<br \/><\/strong>ancienne \u00e9lue ville de Lyon, s&rsquo;implique tr\u00e8s fortement dans les organisations citoyennes \u00e0 Lyon <br \/><\/figcaption>\n<\/figure>\n<p>\n\n<\/p>\n<p>\n\n<\/p>\n<p>\n\n<\/p>\n<p class=\"is-layout-flow wp-block-column-is-layout-flow\">\n\n<\/p>\n<figure><a href=\"http:\/\/lescrd.org\/index.php\/circe-depix\/\"><img decoding=\"async\" src=\"https:\/\/lescrd.org\/wp-content\/uploads\/2021\/05\/Circ\u00e9-Debrix.jpg\" alt=\"\" \/><\/a>\n<p>\u00a0<\/p>\n<figcaption><strong>Pour repr\u00e9senter D\u00e9mocratie Ouverte :\u00a0 Circ\u00e9 Debrix, <br \/><\/strong>issue du milieu de l&rsquo;ESS et du d\u00e9veloppement territorial partag\u00e9, elle s&rsquo;est sp\u00e9cialis\u00e9e sur les diagnostics et l&rsquo;accompagnement de d\u00e9marches collaboratives<\/figcaption>\n<\/figure>\n<p>\n\n<\/p>\n<p>\n\n<\/p>\n<p>\n\n<\/p>\n<p class=\"is-layout-flow wp-block-column-is-layout-flow\">\n\n<\/p>\n<figure><img decoding=\"async\" src=\"https:\/\/lescrd.org\/wp-content\/uploads\/2023\/04\/Melanie-Berger-Tisserand-min-2.jpg\" \/><\/figure>\n<figure>\n<figcaption><strong><strong style=\"color: #000000;\">Pour repr\u00e9senter le CJD France :\u00a0M\u00e9lanie Berger Tisserand,\u00a0<br \/>Pr\u00e9sidente du CJD France,<br \/><\/strong><\/strong>mouvement patronal pour une \u00e9conomie au service du vivant (pr\u00e8s\u00a0de\u00a06000 entreprises)<strong><strong style=\"color: #000000;\"><br \/><\/strong><\/strong><\/figcaption>\n<\/figure>\n<p>\n\n<\/p>\n<p>\n\n<\/p>\n<p>\n\n\n<\/p>\n<p>\n\n\n<\/p>\n<p class=\"is-layout-flex wp-container-core-columns-layout-2 wp-block-columns-is-layout-flex\">\n\n<\/p>\n<p class=\"is-layout-flow wp-block-column-is-layout-flow\">\n\n<\/p>\n<figure><a href=\"http:\/\/lescrd.org\/index.php\/laurent-mellah\/\"><img decoding=\"async\" src=\"http:\/\/lescrd.org\/wp-content\/uploads\/2019\/12\/Laurent-MELLAH-5-1024x993.png\" alt=\"\" \/><\/a>\n<p>\u00a0<\/p>\n<p>\u00a0<\/p>\n<figcaption><strong>Co-pr\u00e9sident et co-fondateur :\u00a0<br \/>Laurent Mellah<br \/><\/strong>Accompagne depuis 15 ans la transition des entreprises vers des mod\u00e8les adapt\u00e9s aux d\u00e9fi de notre temps <br \/><a href=\"http:\/\/lescrd.org\/index.php\/laurent-mellah\/\">(en savoir plus)<\/a><\/figcaption>\n<\/figure>\n<p>\n\n<\/p>\n<p>\n\n<\/p>\n<p>\n\n<\/p>\n<p class=\"is-layout-flow wp-block-column-is-layout-flow\">\n\n<\/p>\n<figure><a href=\"http:\/\/lescrd.org\/index.php\/louis-marie-blanchard\/\"><img decoding=\"async\" src=\"http:\/\/lescrd.org\/wp-content\/uploads\/2019\/12\/lm-rond.png\" alt=\"\" \/><\/a>\n<p>\u00a0<\/p>\n<p>\u00a0<\/p>\n<figcaption><strong>Co-pr\u00e9sident et co-fondateur :\u00a0<br \/>Louis-Marie Blanchard<\/strong><br \/>Depuis 15 ans il accompagne les entreprises vers l&rsquo;intelligence collective <br \/><a href=\"http:\/\/lescrd.org\/index.php\/louis-marie-blanchard\/\">(en savoir plus)<\/a><br \/><br \/><br \/><br \/><br \/><br \/><img decoding=\"async\" src=\"https:\/\/lescrd.org\/wp-content\/uploads\/2023\/04\/Pierre-Guilhaume-min.png\" \/><br \/><strong><br \/><\/strong><strong> Pour repr\u00e9senter Le Pacte Civique : Pierre Guilhaume,<\/strong> <br \/>coordinateur du Pacte civique, lobby citoyen promoteur d\u2019une soci\u00e9t\u00e9 sobre, juste, fraternelle et d\u00e9mocratique.<\/figcaption>\n<\/figure>\n<p>\n\n<\/p>\n<p>\n\n<\/p>\n<p>\n\n<\/p>\n<figure><a href=\"http:\/\/lescrd.org\/index.php\/fabien-morin\/\"><img decoding=\"async\" src=\"http:\/\/lescrd.org\/wp-content\/uploads\/2019\/12\/laurent-rond.png\" alt=\"\" \/><\/a>\n<p>\u00a0<\/p>\n<p>\u00a0<\/p>\n<figcaption><strong>Co-pr\u00e9sident et co-fondateur : Fabien Morin, <\/strong>Ancien DGS de collectivit\u00e9, Directeur adjoint des ressources humaines &#8211; Universit\u00e9 Claude Bernard Lyon 1<br \/><a href=\"http:\/\/lescrd.org\/index.php\/fabien-morin\/\">(en savoir plus)<\/a><br \/><br \/><br \/><\/figcaption>\n<\/figure>\n<p>\n\n<\/p>\n<p>\n\n<\/p>\n<a style=\"background-color: #ec5700; border-radius: 50px;\" href=\"https:\/\/docs.google.com\/spreadsheets\/d\/10YurrDkPDlJrzxIO2VVKVKB8SWXVZQWVlDkT6-UKURU\/edit?usp=sharing\" target=\"_blank\" rel=\"noreferrer noopener\"> Conform\u00e9ment \u00e0 nos statuts, comme nous n&rsquo;avons pas de pr\u00e9sident, vous trouverez ici le tableau des responsabilit\u00e9s qui indique qui est responsable de quoi. <\/a>\n<p>\n\n<\/p>\n<p>\n\n<\/p>\n<hr style=\"background-color: #ec5700; color: #ec5700;\" \/>\n<p>\n\n<\/p>\n<p>\n\n<\/p>\n<figure>\n<blockquote>\n<p>Le mod\u00e8le \u00e9conomique de notre association \u00e0 but non lucratif<\/p>\n<\/blockquote>\n<\/figure>\n<p>\n\n<\/p>\n<p>\n\n<\/p>\n<p style=\"background-color: #ec5700;\"><strong>Pour garantir notre ind\u00e9pendance et notre p\u00e9r\u00e9nit\u00e9, nous ne voulons pas d\u00e9pendre de subvention. <\/strong><\/p>\n<p><strong>Pour les premi\u00e8res ann\u00e9es nos ressources viendront du b\u00e9n\u00e9volat et de ventes de prestation de service aux collectivit\u00e9s, pour mettre en \u0153uvre la proc\u00e9dure de d\u00e9mocratie en intelligence collectiv<\/strong>e.<\/p>\n<p>\n\n<\/p>\n<p>\n\n<\/p>\n<p><strong>Nous pr\u00e9voyons \u00e0 terme : <\/strong><\/p>\n<p>\n\n<\/p>\n<p>\n\n<\/p>\n<p><strong>Des formations aux m\u00e9thodes que nous avons d\u00e9velopp\u00e9es, sous licence Creative Commons.<\/strong><\/p>\n<p>\n\n<\/p>\n<p>\n\n<\/p>\n<p><strong>La vente d\u2019un m\u00e9dia pour diffuser les r\u00e9sultats des proc\u00e9dures de d\u00e9mocratie en intelligence collective. <\/strong><\/p>\n<p>\n\n<\/p>\n<p>\n\n<\/p>\n<p style=\"background-color: #ec5700;\"><strong>Les grandes orientations \u00e9conomiques sont valid\u00e9es en AG. Des citoyens tir\u00e9s au sort auditent l\u2019association nous esp\u00e9rons qu\u2019ils choisiront r\u00e9guli\u00e8rement d\u2019aller dans le d\u00e9tails des comptes pour aider l\u2019association \u00e0 s\u2019am\u00e9liorer et communiquer un autre point de vu que celui du CA aux adh\u00e9rents.<\/strong><\/p>\n<p>\n\n<\/p>\n<p>\n\n<\/p>\n<hr style=\"background-color: #ec5700; color: #ec5700;\" \/>\n<p>\n\n<\/p>\n<p>\n\n<\/p>\n<figure>\n<blockquote>\n<p>Statuts de l&rsquo;association<\/p>\n<\/blockquote>\n<\/figure>\n<p>\n\n<\/p>\n<p>\n\n<\/p>\n<figure><img decoding=\"async\" src=\"https:\/\/lescrd.org\/wp-content\/uploads\/2020\/06\/1-725x1024.png\" alt=\"\" \/><\/figure>\n<p>\n\n<\/p>\n<p>\n\n<\/p>\n<figure><img decoding=\"async\" src=\"https:\/\/lescrd.org\/wp-content\/uploads\/2020\/06\/2-725x1024.png\" alt=\"\" \/><\/figure>\n<p>\n\n<\/p>\n<p>\n\n<\/p>\n<figure><img decoding=\"async\" src=\"https:\/\/lescrd.org\/wp-content\/uploads\/2020\/06\/3-725x1024.png\" alt=\"\" \/><\/figure>\n<p>\n\n<\/p>\n<p>\n\n<\/p>\n<figure><img decoding=\"async\" src=\"https:\/\/lescrd.org\/wp-content\/uploads\/2020\/06\/4-725x1024.png\" alt=\"\" \/><\/figure>\n<p>\n\n<\/p>\n<p>\n\n<\/p>\n<figure><img decoding=\"async\" src=\"https:\/\/lescrd.org\/wp-content\/uploads\/2020\/06\/5-1-725x1024.png\" alt=\"\" \/><\/figure>\n<p>\n\n<\/p><p><a href=\"https:\/\/docs.google.com\/document\/d\/1H4X2NEKVxMd7cVmF34NPpRaoFEJD5LypK4qhdeIsCg0\/edit?usp=sharing\" target=\"_blank\" rel=\"noopener\">Compte rendu de la 1\u00e8re AG (en 2021 \u00e0 propos de l&rsquo;ann\u00e9e 2020)<\/a><\/p>\n<p><a href=\"https:\/\/docs.google.com\/document\/d\/1bbRI5ShevS_ijajQmox7UarpkZoJKpdhtLDaFVXSelA\/edit#\" target=\"_blank\" rel=\"noopener\">Compte rendu de la 2\u00e8me AG (en 2022 \u00e0 propos de l&rsquo;ann\u00e9e 2021)<\/a><\/p>\n<p><a href=\"https:\/\/drive.google.com\/file\/d\/1czeWbiQ0D5U0AlaOfwLZYqyTBdo-ONXZ\/view?usp=drive_link\">Compte rendu de la 3\u00e8me AG (en 2023 \u00e0 propos de l&rsquo;ann\u00e9e 2022)<\/a><\/p>\n","protected":false},"excerpt":{"rendered":"<p>\u00a0 Nous sommes une association tiers de confiance entre \u00e9lus et citoyens. Un garant des pratiques d\u00e9mocratiques exemplaires. Chaque ann\u00e9e des adh\u00e9rents tir\u00e9s au sort viennent contr\u00f4ler que nous sommes digne de confiance. Voici le dernier rapport. Et si vous voulez diffuser cette bonne pratique dans votre association : voici la m\u00e9thodologie. \u00ab\u00a0Nous\u00a0\u00bb ce sont [&hellip;]<\/p>\n","protected":false},"author":1,"featured_media":0,"parent":0,"menu_order":0,"comment_status":"closed","ping_status":"closed","template":"","meta":{"footnotes":""},"_links":{"self":[{"href":"https:\/\/lescrd.org\/index.php\/wp-json\/wp\/v2\/pages\/11"}],"collection":[{"href":"https:\/\/lescrd.org\/index.php\/wp-json\/wp\/v2\/pages"}],"about":[{"href":"https:\/\/lescrd.org\/index.php\/wp-json\/wp\/v2\/types\/page"}],"author":[{"embeddable":true,"href":"https:\/\/lescrd.org\/index.php\/wp-json\/wp\/v2\/users\/1"}],"replies":[{"embeddable":true,"href":"https:\/\/lescrd.org\/index.php\/wp-json\/wp\/v2\/comments?post=11"}],"version-history":[{"count":186,"href":"https:\/\/lescrd.org\/index.php\/wp-json\/wp\/v2\/pages\/11\/revisions"}],"predecessor-version":[{"id":1501,"href":"https:\/\/lescrd.org\/index.php\/wp-json\/wp\/v2\/pages\/11\/revisions\/1501"}],"wp:attachment":[{"href":"https:\/\/lescrd.org\/index.php\/wp-json\/wp\/v2\/media?parent=11"}],"curies":[{"name":"wp","href":"https:\/\/api.w.org\/{rel}","templated":true}]}}