{"id":1106,"date":"2023-06-15T12:21:32","date_gmt":"2023-06-15T10:21:32","guid":{"rendered":"https:\/\/lescrd.org\/?page_id=1106"},"modified":"2024-04-04T18:01:08","modified_gmt":"2024-04-04T16:01:08","slug":"nous-rencontrer","status":"publish","type":"page","link":"https:\/\/lescrd.org\/index.php\/nous-rencontrer\/","title":{"rendered":"Nous rencontrer"},"content":{"rendered":"\n<p>Toute notre \u00e9nergie est orient\u00e9 vers la r\u00e9ussite du collectif \u00ab\u00a0Les d\u00e9carbonautes\u00a0\u00bb qui organise une assembl\u00e9e de cod\u00e9cision nationale sur le climat. Nous organisons de nombreux \u00e9v\u00e8nement pour faciliter les rencontres avec vous et construire ensemble un avenir citoyen ! <a href=\"https:\/\/www.lesdecarbonautes.fr\/processes\/appel\/f\/9\/\">Toutes les dates sont ICI<\/a><\/p>\n","protected":false},"excerpt":{"rendered":"<p>Toute notre \u00e9nergie est orient\u00e9 vers la r\u00e9ussite du collectif \u00ab\u00a0Les d\u00e9carbonautes\u00a0\u00bb qui organise une assembl\u00e9e de cod\u00e9cision nationale sur le climat. Nous organisons de nombreux \u00e9v\u00e8nement pour faciliter les rencontres avec vous et construire ensemble un avenir citoyen ! Toutes les dates sont ICI<\/p>\n","protected":false},"author":1,"featured_media":0,"parent":0,"menu_order":0,"comment_status":"closed","ping_status":"closed","template":"","meta":{"footnotes":""},"_links":{"self":[{"href":"https:\/\/lescrd.org\/index.php\/wp-json\/wp\/v2\/pages\/1106"}],"collection":[{"href":"https:\/\/lescrd.org\/index.php\/wp-json\/wp\/v2\/pages"}],"about":[{"href":"https:\/\/lescrd.org\/index.php\/wp-json\/wp\/v2\/types\/page"}],"author":[{"embeddable":true,"href":"https:\/\/lescrd.org\/index.php\/wp-json\/wp\/v2\/users\/1"}],"replies":[{"embeddable":true,"href":"https:\/\/lescrd.org\/index.php\/wp-json\/wp\/v2\/comments?post=1106"}],"version-history":[{"count":19,"href":"https:\/\/lescrd.org\/index.php\/wp-json\/wp\/v2\/pages\/1106\/revisions"}],"predecessor-version":[{"id":1503,"href":"https:\/\/lescrd.org\/index.php\/wp-json\/wp\/v2\/pages\/1106\/revisions\/1503"}],"wp:attachment":[{"href":"https:\/\/lescrd.org\/index.php\/wp-json\/wp\/v2\/media?parent=1106"}],"curies":[{"name":"wp","href":"https:\/\/api.w.org\/{rel}","templated":true}]}}