{"id":1158,"date":"2023-08-19T10:18:12","date_gmt":"2023-08-19T08:18:12","guid":{"rendered":"https:\/\/lescrd.org\/?page_id=1158"},"modified":"2025-05-16T16:00:32","modified_gmt":"2025-05-16T14:00:32","slug":"qui-sommes-nous-2","status":"publish","type":"page","link":"https:\/\/lescrd.org\/index.php\/qui-sommes-nous-2\/","title":{"rendered":"Qui sommes-nous ?"},"content":{"rendered":"\n<p class=\"has-text-align-jusify\"><strong>Nous sommes une association tiers de confiance entre \u00e9lus et citoyens.<\/strong> <strong>Un garant<\/strong> des pratiques d\u00e9mocratiques exemplaires. Chaque ann\u00e9e des adh\u00e9rents tir\u00e9s au sort viennent contr\u00f4ler que nous sommes digne de confiance. Si vous voulez diffuser cette bonne pratique dans votre association : voici <strong><a href=\"https:\/\/docs.google.com\/document\/d\/1s2NyI20BIuKyyLkBXnI-Z25unitmfuh1zkoz0SaK1lA\/edit\">l<\/a><a href=\"https:\/\/docs.google.com\/document\/d\/1kYWleBzPLB4OyuBW0hUIeM-9w1Gv24RR\/edit?usp=sharing&amp;ouid=116749818647472609681&amp;rtpof=true&amp;sd=true\" target=\"_blank\" rel=\"noreferrer noopener\">a m\u00e9thodologie<\/a><\/strong>.<\/p>\n\n\n\n<blockquote class=\"wp-block-quote\">\n<p>\u00ab&nbsp;Nous&nbsp;\u00bb ce sont les adh\u00e9rents.<\/p>\n<\/blockquote>\n\n\n\n<p><strong>L\u2019association <\/strong>est un bien commun qui permet \u00e0 chacun d\u2019agir pour am\u00e9liorer notre d\u00e9mocratie, elle <strong>appartient \u00e0 ses adh\u00e9rents.<\/strong> Dans les faits il suffit de r\u00e9agir \u00e0 la lettre d\u2019information, d\u2019exprimer un avis ou de venir \u00e0 l\u2019AG pour influencer les d\u00e9cisions.<\/p>\n\n\n\n<p>Chaque ann\u00e9e des adh\u00e9rents sont tir\u00e9s au sort pour auditer l\u2019association et soumettre des propositions \u00e0 l\u2019AG.<\/p>\n\n\n\n<blockquote class=\"wp-block-quote\">\n<p>\u00ab&nbsp;Nous&nbsp;\u00bb ce sont <strong>les membres actifs<\/strong> (b\u00e9n\u00e9voles)<\/p>\n<\/blockquote>\n\n\n\n<p>qui partagent les constats, ont envie d\u2019agir et se disent que la solution propos\u00e9e a des chances de fonctionner. La lettre d\u2019information propose des prises de responsabilit\u00e9s b\u00e9n\u00e9voles.<\/p>\n\n\n\n<div class=\"wp-block-group has-primary-color has-text-color has-background is-layout-flex wp-block-group-is-layout-flex\" style=\"background-color:#e94b10\">\n<p class=\"has-text-align-center\"><a href=\"https:\/\/docs.google.com\/spreadsheets\/d\/1togtaSX3cF9_qJVEsE2OsNCcFE0rDl8BGkhQE-CJHHw\/edit#gid=0\" target=\"_blank\" rel=\"noreferrer noopener\">REGARDEZ ICI LES MISSIONS BENEVOLES ACTUELLEMENT PROPOSEES ET POURVUES<\/a><\/p>\n<\/div>\n\n\n\n<blockquote class=\"wp-block-quote\">\n<p>\u00ab&nbsp;Nous&nbsp;\u00bb ce sont l<strong>es membres du conseil d\u2019administration<\/strong><\/p>\n<\/blockquote>\n\n\n\n<p class=\"has-text-align-jusify\"><strong>Les membres du CA sont s\u00e9lectionn\u00e9s avec le processus de \u00ab l\u2019\u00e9lection sans candidat \u00bb<\/strong>. Il est interdit de \u00ab faire campagne \u00bb pour prendre le pouvoir. Chacun propose un candidat car il pense qu\u2019il r\u00e9pond aux valeurs, savoir-faire et savoir-\u00eatre que l\u2019on a collectivement d\u00e9fini pour le poste. Le conseil d\u2019administration propose donc des personnes qu\u2019ils connaissent personnellement, g\u00e9n\u00e9ralement parce qu\u2019elles ont donn\u00e9 du temps b\u00e9n\u00e9vole.<\/p>\n\n\n\n<div class=\"wp-block-columns is-layout-flex wp-container-core-columns-layout-1 wp-block-columns-is-layout-flex\">\n<div class=\"wp-block-column is-layout-flow wp-block-column-is-layout-flow\"><div class=\"wp-block-image is-style-rounded\">\n<figure class=\"aligncenter is-resized\"><a href=\"http:\/\/lescrd.org\/index.php\/genevieve_brichet\/\"><img decoding=\"async\" src=\"https:\/\/lescrd.org\/wp-content\/uploads\/2021\/05\/Genevi\u00e8ve-Brichet-4.png\" alt=\"\" style=\"width:168px;height:168px\"\/><\/a><figcaption class=\"wp-element-caption\"><strong>Pour repr\u00e9senter Le pact pour les Transition Lyon&nbsp; : Genevi\u00e8ve Brichet,<br><\/strong>ancienne \u00e9lue ville de Lyon, s\u2019implique tr\u00e8s fortement dans les organisations citoyennes \u00e0 Lyon, et repr\u00e9sente le collectif Utopia<\/figcaption><\/figure><\/div><\/div>\n\n\n\n<div class=\"wp-block-column is-layout-flow wp-block-column-is-layout-flow\"><div class=\"wp-block-image is-style-rounded\">\n<figure class=\"aligncenter size-large is-resized\"><img decoding=\"async\" width=\"988\" height=\"1024\" src=\"https:\/\/lescrd.org\/wp-content\/uploads\/2025\/05\/DavidArdeche-e1747403767415-988x1024.jpg\" alt=\"\" class=\"wp-image-1549\" style=\"width:159px;height:166px\" srcset=\"https:\/\/lescrd.org\/wp-content\/uploads\/2025\/05\/DavidArdeche-e1747403767415-988x1024.jpg 988w, https:\/\/lescrd.org\/wp-content\/uploads\/2025\/05\/DavidArdeche-e1747403767415-289x300.jpg 289w, https:\/\/lescrd.org\/wp-content\/uploads\/2025\/05\/DavidArdeche-e1747403767415-768x796.jpg 768w, https:\/\/lescrd.org\/wp-content\/uploads\/2025\/05\/DavidArdeche-e1747403767415-1482x1536.jpg 1482w, https:\/\/lescrd.org\/wp-content\/uploads\/2025\/05\/DavidArdeche-e1747403767415-1200x1244.jpg 1200w, https:\/\/lescrd.org\/wp-content\/uploads\/2025\/05\/DavidArdeche-e1747403767415.jpg 1720w\" sizes=\"(max-width: 988px) 100vw, 988px\" \/><figcaption class=\"wp-element-caption\"><strong>David Canat,<br>faciliateur en co-design de gouvernance<\/strong> : il aide les gens \u00e0 choisir ensemble comment ils et elles veulent travailler ensemble.Il accompagne exclusivement les structures de l&rsquo;ESS, publiques et politiques.<\/figcaption><\/figure><\/div><\/div>\n\n\n\n<div class=\"wp-block-column is-layout-flow wp-block-column-is-layout-flow\"><div class=\"wp-block-image is-style-rounded\">\n<figure class=\"aligncenter is-resized\"><img decoding=\"async\" src=\"https:\/\/lescrd.org\/wp-content\/uploads\/2023\/04\/Melanie-Berger-Tisserand-min-2.jpg\" alt=\"\" style=\"width:161px;height:166px\"\/><figcaption class=\"wp-element-caption\"><strong>Pour repr\u00e9senter le CJD France :&nbsp;M\u00e9lanie Berger Tisserand,&nbsp;<br>Pr\u00e9sidente du CJD France, <\/strong>mouvement patronal pour une \u00e9conomie au service du vivant (pr\u00e8s&nbsp;de&nbsp;6000 entreprises)<\/figcaption><\/figure><\/div><\/div>\n<\/div>\n\n\n\n<div class=\"wp-block-columns is-layout-flex wp-container-core-columns-layout-2 wp-block-columns-is-layout-flex\">\n<div class=\"wp-block-column is-layout-flow wp-block-column-is-layout-flow\"><div class=\"wp-block-image is-style-rounded\">\n<figure class=\"aligncenter\"><a href=\"http:\/\/lescrd.org\/index.php\/laurent-mellah\/\"><img decoding=\"async\" src=\"http:\/\/lescrd.org\/wp-content\/uploads\/2019\/12\/Laurent-MELLAH-5-1024x993.png\" alt=\"\"\/><\/a><figcaption class=\"wp-element-caption\"><strong>Co-pr\u00e9sident et co-fondateur :&nbsp;<br>Laurent Mellah<br><\/strong>Accompagne depuis 15 ans la transition des entreprises vers des mod\u00e8les adapt\u00e9s aux d\u00e9fi de notre temps<\/figcaption><\/figure><\/div><\/div>\n\n\n\n<div class=\"wp-block-column is-layout-flow wp-block-column-is-layout-flow\"><div class=\"wp-block-image is-style-rounded\">\n<figure class=\"aligncenter\"><a href=\"http:\/\/lescrd.org\/index.php\/louis-marie-blanchard\/\"><img decoding=\"async\" src=\"http:\/\/lescrd.org\/wp-content\/uploads\/2019\/12\/lm-rond.png\" alt=\"\"\/><\/a><figcaption class=\"wp-element-caption\"><strong>Co-pr\u00e9sident et co-fondateur :&nbsp;<br>Louis-Marie Blanchard<\/strong><br>Depuis 15 ans il accompagne les entreprises vers l\u2019intelligence collective<br><\/figcaption><\/figure><\/div><\/div>\n\n\n\n<div class=\"wp-block-column is-layout-flow wp-block-column-is-layout-flow\"><div class=\"wp-block-image is-style-rounded\">\n<figure class=\"aligncenter size-full is-resized\"><img decoding=\"async\" width=\"264\" height=\"264\" src=\"https:\/\/lescrd.org\/wp-content\/uploads\/2025\/05\/Pauline-PALAZON-e1747401913809.jpg\" alt=\"Pauline PALAZON\" class=\"wp-image-1546\" style=\"width:175px;height:auto\" srcset=\"https:\/\/lescrd.org\/wp-content\/uploads\/2025\/05\/Pauline-PALAZON-e1747401913809.jpg 264w, https:\/\/lescrd.org\/wp-content\/uploads\/2025\/05\/Pauline-PALAZON-e1747401913809-150x150.jpg 150w\" sizes=\"(max-width: 264px) 100vw, 264px\" \/><figcaption class=\"wp-element-caption\"><strong>Co-pr\u00e9sident : <em>Co-pr\u00e9sidente : Pauline PALAZON<\/em><\/strong><em>, Experte-comptable et commissaire aux comptes engag\u00e9e sur les sujets&nbsp;de&nbsp;durabilit\u00e9 et la conseil RSE<\/em><br><\/figcaption><\/figure><\/div><\/div>\n<\/div>\n\n\n<div class=\"wp-block-image is-style-rounded\">\n<figure class=\"aligncenter size-full is-resized\"><img decoding=\"async\" width=\"754\" height=\"756\" src=\"https:\/\/lescrd.org\/wp-content\/uploads\/2023\/04\/Pierre-Guilhaume-e1747402166302.png\" alt=\"\" class=\"wp-image-1080\" style=\"width:175px;height:175px\" srcset=\"https:\/\/lescrd.org\/wp-content\/uploads\/2023\/04\/Pierre-Guilhaume-e1747402166302.png 754w, https:\/\/lescrd.org\/wp-content\/uploads\/2023\/04\/Pierre-Guilhaume-e1747402166302-300x300.png 300w, https:\/\/lescrd.org\/wp-content\/uploads\/2023\/04\/Pierre-Guilhaume-e1747402166302-150x150.png 150w\" sizes=\"(max-width: 754px) 100vw, 754px\" \/><figcaption class=\"wp-element-caption\"><strong>Pour repr\u00e9senter Le Pacte Civique : Pierre Guilhaume,<\/strong><br>coordinateur du Pacte civique, lobby citoyen promoteur d\u2019une soci\u00e9t\u00e9 sobre, juste, fraternelle et d\u00e9mocratique.<\/figcaption><\/figure><\/div>\n\n\n<div class=\"wp-block-group has-primary-color has-text-color has-background is-layout-constrained wp-block-group-is-layout-constrained\" style=\"background-color:#e94b10\"><div class=\"wp-block-group__inner-container\">\n<p class=\"has-text-align-center\"><a rel=\"noreferrer noopener\" href=\"https:\/\/docs.google.com\/spreadsheets\/d\/10YurrDkPDlJrzxIO2VVKVKB8SWXVZQWVlDkT6-UKURU\/edit?usp=sharing\" target=\"_blank\">Conform\u00e9ment \u00e0 nos statuts, comme nous n\u2019avons pas un seul pr\u00e9sident, vous trouverez ici le tableau des responsabilit\u00e9s qui indique quel copr\u00e9sident est responsable de quoi.<\/a><\/p>\n<\/div><\/div>\n\n\n<figure class=\"wp-block-pullquote\">\n<blockquote><\/blockquote>\n<\/figure>\n\n\n<blockquote class=\"wp-block-quote\">\n<p>Le mod\u00e8le \u00e9conomique de notre association \u00e0 but non lucratif<\/p>\n<\/blockquote>\n\n\n\n<div class=\"wp-block-group has-primary-color has-text-color has-background is-layout-constrained wp-block-group-is-layout-constrained\" style=\"background-color:#e94b10\"><div class=\"wp-block-group__inner-container\">\n<p class=\"has-text-align-center\"><strong>Pour garantir notre ind\u00e9pendance et notre p\u00e9r\u00e9nit\u00e9, nous ne voulons pas d\u00e9pendre de subvention.<\/strong><\/p>\n<\/div><\/div>\n\n\n\n<p><strong>Pour les premi\u00e8res ann\u00e9es nos ressources viendront du b\u00e9n\u00e9volat et de ventes de prestation de service aux collectivit\u00e9s, pour mettre en \u0153uvre la proc\u00e9dure de d\u00e9mocratie en intelligence collectiv<\/strong>e.<\/p>\n\n\n\n<p><\/p>\n\n\n\n<p><\/p>\n\n\n<figure class=\"wp-block-pullquote\"><\/figure>\n<h3 style=\"text-align: center;\"><a href=\"https:\/\/docs.google.com\/document\/d\/1iBnh7IuhW9zPhVQBkh9FovIBVZ3lUI8r\/edit?usp=sharing&amp;ouid=116749818647472609681&amp;rtpof=true&amp;sd=true\" target=\"_blank\" rel=\"noopener\"><span style=\"color: #ffffff;\">Vous trouverez ICI<\/span>\u00a0<\/a><\/h3>\n<h3 style=\"text-align: center;\"><a href=\"https:\/\/docs.google.com\/document\/d\/1iBnh7IuhW9zPhVQBkh9FovIBVZ3lUI8r\/edit?usp=sharing&amp;ouid=116749818647472609681&amp;rtpof=true&amp;sd=true\" target=\"_blank\" rel=\"noopener\"><span style=\"color: #ffffff;\">les statuts de l\u2019association<\/span><\/a><\/h3>\n<p><!-- \/wp:paragraph --><\/p>\n<p><!-- \/wp:quote --><\/p>\n<p><!-- wp:image {\"id\":749} --><\/p>\n<figure class=\"wp-block-image\"><\/figure>\n<p><!-- \/wp:image --><\/p>\n<p><!-- wp:image {\"id\":750} --><\/p>\n<figure class=\"wp-block-image\"><\/figure>\n<p><!-- \/wp:image --><\/p>\n<p><!-- wp:image {\"id\":751} --><\/p>\n<figure class=\"wp-block-image\"><\/figure>\n<p><!-- \/wp:image --><\/p>\n<p><!-- wp:image {\"id\":752} --><\/p>\n<figure class=\"wp-block-image\"><\/figure>\n<p><!-- \/wp:image --><\/p>\n<p><!-- wp:image {\"id\":753} --><\/p>\n<figure class=\"wp-block-image\"><\/figure>\n<p><!-- \/wp:image --><\/p>\n<p><!-- wp:paragraph --><\/p>\n<p><span style=\"color: #ffffff;\"><a style=\"color: #ffffff;\" href=\"https:\/\/drive.google.com\/file\/d\/1SqzH6Wn9Rax9GWy4VW-88gycNTR1auSi\/view?usp=sharing\" target=\"_blank\" rel=\"noopener\">Compte rendu de la 1\u00e8re AG (en 2021 \u00e0 propos de l\u2019ann\u00e9e 2020)<\/a><\/span><\/p>\n<p><!-- \/wp:paragraph --><\/p>\n<p><!-- wp:paragraph --><\/p>\n<p><span style=\"color: #ffffff;\"><a style=\"color: #ffffff;\" href=\"https:\/\/docs.google.com\/document\/d\/1bbRI5ShevS_ijajQmox7UarpkZoJKpdhtLDaFVXSelA\/edit#\" target=\"_blank\" rel=\"noreferrer noopener\">Compte rendu de la 2\u00e8me AG (en 2022 \u00e0 propos de l\u2019ann\u00e9e 2021)<\/a><\/span><\/p>\n<p><!-- \/wp:paragraph --><\/p>\n<p><!-- wp:paragraph --><\/p>\n<p><span style=\"color: #ffffff;\"><a style=\"color: #ffffff;\" href=\"https:\/\/drive.google.com\/file\/d\/1J5bpN_72YIDysXu3W2bKEj-ZqF28bNff\/view?usp=sharing\" target=\"_blank\" rel=\"noopener\">Compte rendu de la 3\u00e8me AG (en 2023 \u00e0 propos de l\u2019ann\u00e9e 2022)<\/a><\/span><\/p>\n<p><a href=\"https:\/\/drive.google.com\/file\/d\/176XE21mMPTucAtNsdwTwTTj6PXJvv3_P\/view?usp=drive_link\" target=\"_blank\" rel=\"noopener\"><span style=\"color: #ffffff;\">Compte rendu de la 4\u00e8me AG (en 2024 \u00e0 propos de l&rsquo;ann\u00e9e 2023)<\/span><\/a><\/p>\n<p><a href=\"https:\/\/drive.google.com\/file\/d\/1oapJS2r0Moxfe4f8BT-s_BgRJ8EFQH0K\/view?usp=drive_link\" target=\"_blank\" rel=\"noopener\"><span style=\"color: #ffffff;\">Compte rendu de la 5\u00e8me AG (en 2025 \u00e0 propos de l&rsquo;ann\u00e9e 2024)<\/span><\/a><\/p>\n<p><!-- \/wp:paragraph --><\/p>\n<p><!-- wp:group {\"style\":{\"color\":{\"background\":\"#e94b10\"}},\"textColor\":\"primary\",\"layout\":{\"type\":\"constrained\"}} --><\/p>\n<div class=\"wp-block-group has-primary-color has-text-color has-background\" style=\"background-color: #e94b10;\"><!-- wp:paragraph --><\/p>\n<p><strong>Les grandes orientations \u00e9conomiques sont valid\u00e9es en AG. Des citoyens tir\u00e9s au sort auditent l\u2019association nous esp\u00e9rons qu\u2019ils choisiront r\u00e9guli\u00e8rement d\u2019aller dans le d\u00e9tails des comptes pour aider l\u2019association \u00e0 s\u2019am\u00e9liorer et communiquer un autre point de vu que celui du CA aux adh\u00e9rents.<\/strong><\/p>\n<p><!-- \/wp:paragraph --><\/p>\n<\/div>\n<p><!-- \/wp:group --><\/p>","protected":false},"excerpt":{"rendered":"<p>Nous sommes une association tiers de confiance entre \u00e9lus et citoyens. Un garant des pratiques d\u00e9mocratiques exemplaires. Chaque ann\u00e9e des adh\u00e9rents tir\u00e9s au sort viennent contr\u00f4ler que nous sommes digne de confiance. Si vous voulez diffuser cette bonne pratique dans votre association : voici la m\u00e9thodologie. \u00ab&nbsp;Nous&nbsp;\u00bb ce sont les adh\u00e9rents. L\u2019association est un bien [&hellip;]<\/p>\n","protected":false},"author":14,"featured_media":0,"parent":0,"menu_order":0,"comment_status":"closed","ping_status":"closed","template":"","meta":{"footnotes":""},"_links":{"self":[{"href":"https:\/\/lescrd.org\/index.php\/wp-json\/wp\/v2\/pages\/1158"}],"collection":[{"href":"https:\/\/lescrd.org\/index.php\/wp-json\/wp\/v2\/pages"}],"about":[{"href":"https:\/\/lescrd.org\/index.php\/wp-json\/wp\/v2\/types\/page"}],"author":[{"embeddable":true,"href":"https:\/\/lescrd.org\/index.php\/wp-json\/wp\/v2\/users\/14"}],"replies":[{"embeddable":true,"href":"https:\/\/lescrd.org\/index.php\/wp-json\/wp\/v2\/comments?post=1158"}],"version-history":[{"count":25,"href":"https:\/\/lescrd.org\/index.php\/wp-json\/wp\/v2\/pages\/1158\/revisions"}],"predecessor-version":[{"id":1552,"href":"https:\/\/lescrd.org\/index.php\/wp-json\/wp\/v2\/pages\/1158\/revisions\/1552"}],"wp:attachment":[{"href":"https:\/\/lescrd.org\/index.php\/wp-json\/wp\/v2\/media?parent=1158"}],"curies":[{"name":"wp","href":"https:\/\/api.w.org\/{rel}","templated":true}]}}