{"id":1450,"date":"2023-09-19T15:12:29","date_gmt":"2023-09-19T13:12:29","guid":{"rendered":"https:\/\/lescrd.org\/?page_id=1450"},"modified":"2023-09-19T15:12:29","modified_gmt":"2023-09-19T13:12:29","slug":"mentions-legales","status":"publish","type":"page","link":"https:\/\/lescrd.org\/index.php\/mentions-legales\/","title":{"rendered":"Mentions L\u00e9gales"},"content":{"rendered":"\n<p><\/p>\n\n\n\n<p><strong>1. Informations l\u00e9gales<\/strong><\/p>\n\n\n\n<p>Ce site web, accessible \u00e0 l&rsquo;adresse lescrd.org, est \u00e9dit\u00e9 par Les Citoyens pour le Renouvellement de la D\u00e9mocratie.<\/p>\n\n\n\n<p><strong>Responsable de la publication :<\/strong> Louis-Marie BLANCHARD<\/p>\n\n\n\n<p><strong>Adresse :<\/strong> 16 H Chemin des terres m\u00eal\u00e9es, 69290 Gr\u00e9zieu-la-Varenne<\/p>\n\n\n\n<p><strong>Contact :<\/strong> louis-marie.blanchard@lescrd.org<\/p>\n\n\n\n<p><\/p>\n\n\n\n<p><strong>2. H\u00e9bergement du site<\/strong><\/p>\n\n\n\n<p>Ce site web est h\u00e9berg\u00e9 par OVH.<\/p>\n\n\n\n<p><strong>Adresse de l&rsquo;h\u00e9bergeur :<\/strong> 2, rue Kellermann, 59100 Roubaix<\/p>\n\n\n\n<p><strong>3. Propri\u00e9t\u00e9 intellectuelle<\/strong><\/p>\n\n\n\n<p>Tous les contenus pr\u00e9sents sur ce site, incluant, de mani\u00e8re non limitative, les textes, photographies, graphiques, logos, et vid\u00e9os, sont la propri\u00e9t\u00e9 des CRD ou font l&rsquo;objet d&rsquo;une autorisation d&rsquo;utilisation.<\/p>\n\n\n\n<p>Toute reproduction, repr\u00e9sentation, modification, publication, adaptation, totale ou partielle, de ces \u00e9l\u00e9ments, quel que soit le moyen ou le proc\u00e9d\u00e9 utilis\u00e9, est interdite, sauf autorisation \u00e9crite pr\u00e9alable de [ins\u00e9rer le nom de votre organisation ou votre nom si vous \u00eates le responsable du site].<\/p>\n\n\n\n<p><strong>4. Collecte et utilisation des donn\u00e9es personnelles<\/strong><\/p>\n\n\n\n<p>Ce site peut collecter des donn\u00e9es personnelles, notamment lorsque vous remplissez des formulaires de contact. Les donn\u00e9es ainsi collect\u00e9es sont utilis\u00e9es uniquement dans le but pour lequel elles ont \u00e9t\u00e9 fournies et conform\u00e9ment \u00e0 notre politique de confidentialit\u00e9.<\/p>\n\n\n\n<p>Pour en savoir plus sur la collecte et l&rsquo;utilisation de vos donn\u00e9es personnelles, veuillez consulter notre <a href=\"https:\/\/lescrd.org\/index.php\/politique-de-confidentialite\/\" data-type=\"link\" data-id=\"https:\/\/lescrd.org\/index.php\/politique-de-confidentialite\/\">politique de confidentialit\u00e9<\/a>.<\/p>\n\n\n\n<p><strong>5. Cookies<\/strong><\/p>\n\n\n\n<p>Ce site peut utiliser des cookies pour am\u00e9liorer l&rsquo;exp\u00e9rience de navigation des utilisateurs. Vous pouvez en savoir plus sur notre utilisation des cookies en consultant notre <a href=\"https:\/\/lescrd.org\/index.php\/politique-de-cookies\/\" data-type=\"link\" data-id=\"https:\/\/lescrd.org\/index.php\/politique-de-cookies\/\">politique de cookies<\/a>.<\/p>\n\n\n\n<p><strong>6. Responsabilit\u00e9<\/strong><\/p>\n\n\n\n<p>[Ins\u00e9rer le nom de votre organisation ou votre nom si vous \u00eates le responsable du site] ne saurait \u00eatre tenu responsable de tout dommage direct ou indirect r\u00e9sultant de l&rsquo;acc\u00e8s ou de l&rsquo;utilisation de ce site web.<\/p>\n\n\n\n<p><strong>7. Droit applicable<\/strong><\/p>\n\n\n\n<p>Ce site web est soumis au droit applicable \u00e0 la France.<\/p>\n\n\n\n<p><strong>8. Contact<\/strong><\/p>\n\n\n\n<p>Pour toute question ou r\u00e9clamation concernant ce site web, veuillez nous contacter \u00e0 l&rsquo;adresse suivante : louis-marie.blanchard@lescrd.org].<\/p>\n\n\n\n<p>Ces mentions l\u00e9gales constituent un exemple g\u00e9n\u00e9ral. Il est fortement recommand\u00e9 de consulter un juriste ou un avocat pour vous assurer qu&rsquo;elles sont conformes \u00e0 la l\u00e9gislation en vigueur dans votre pays et qu&rsquo;elles correspondent aux sp\u00e9cificit\u00e9s de votre site web.<\/p>\n","protected":false},"excerpt":{"rendered":"<p>1. Informations l\u00e9gales Ce site web, accessible \u00e0 l&rsquo;adresse lescrd.org, est \u00e9dit\u00e9 par Les Citoyens pour le Renouvellement de la D\u00e9mocratie. Responsable de la publication : Louis-Marie BLANCHARD Adresse : 16 H Chemin des terres m\u00eal\u00e9es, 69290 Gr\u00e9zieu-la-Varenne Contact : louis-marie.blanchard@lescrd.org 2. H\u00e9bergement du site Ce site web est h\u00e9berg\u00e9 par OVH. Adresse de l&rsquo;h\u00e9bergeur [&hellip;]<\/p>\n","protected":false},"author":14,"featured_media":0,"parent":0,"menu_order":0,"comment_status":"closed","ping_status":"closed","template":"","meta":{"footnotes":""},"_links":{"self":[{"href":"https:\/\/lescrd.org\/index.php\/wp-json\/wp\/v2\/pages\/1450"}],"collection":[{"href":"https:\/\/lescrd.org\/index.php\/wp-json\/wp\/v2\/pages"}],"about":[{"href":"https:\/\/lescrd.org\/index.php\/wp-json\/wp\/v2\/types\/page"}],"author":[{"embeddable":true,"href":"https:\/\/lescrd.org\/index.php\/wp-json\/wp\/v2\/users\/14"}],"replies":[{"embeddable":true,"href":"https:\/\/lescrd.org\/index.php\/wp-json\/wp\/v2\/comments?post=1450"}],"version-history":[{"count":1,"href":"https:\/\/lescrd.org\/index.php\/wp-json\/wp\/v2\/pages\/1450\/revisions"}],"predecessor-version":[{"id":1460,"href":"https:\/\/lescrd.org\/index.php\/wp-json\/wp\/v2\/pages\/1450\/revisions\/1460"}],"wp:attachment":[{"href":"https:\/\/lescrd.org\/index.php\/wp-json\/wp\/v2\/media?parent=1450"}],"curies":[{"name":"wp","href":"https:\/\/api.w.org\/{rel}","templated":true}]}}