{"id":148,"date":"2019-11-22T16:12:56","date_gmt":"2019-11-22T15:12:56","guid":{"rendered":"http:\/\/lescrd.org\/?page_id=148"},"modified":"2024-06-17T11:00:07","modified_gmt":"2024-06-17T09:00:07","slug":"citoyen-rejoignez-nous","status":"publish","type":"page","link":"https:\/\/lescrd.org\/index.php\/citoyen-rejoignez-nous\/","title":{"rendered":"Citoyens : rejoignez-nous"},"content":{"rendered":"\n<h3 class=\"wp-block-heading has-text-align-center\">Pourquoi adh\u00e9rer ?<\/h3>\n\n\n\n<p class=\"has-text-align-center\"> Pour exprimer que je veux une d\u00e9mocratie plus directe et continue ! Les \u00e9lus que l&rsquo;on contacte nous demandent syst\u00e9matiquement combien l&rsquo;on a d&rsquo;adh\u00e9rents&#8230;<br>Et plus pour ceux qui veulent : <br>Recevoir la lettre d&rsquo;information mensuelle.<br>S&rsquo;impliquer, participer.<br>Devenir copropri\u00e9taire de l&rsquo;association, en prendre soin, l&rsquo;orienter lors des AG, etc.<br>Avoir le soutien de l&rsquo;association pour faire avancer un sujet de soci\u00e9t\u00e9 qui vous tient \u00e0 c\u0153ur. <\/p>\n\n\n\n<p class=\"has-text-align-center\">Actuellement 100% de l\u2019activit\u00e9 des CRD est consacr\u00e9e aux <a href=\"http:\/\/www.lesdecarbonautes.fr\">D\u00e9carbonautes<\/a>. Pour rejoindre ce collectif et recevoir la lettre d&rsquo;information vous pouvez remplir <strong><a href=\"https:\/\/www.lesdecarbonautes.fr\/processes\/appel\/f\/42\/\">ce questionnaire.<\/a> <\/strong><br><a href=\"https:\/\/www.helloasso.com\/associations\/citoyens-pour-le-renouvellement-de-la-democratie\/adhesions\/adhesion-association-les-crd-les-decarbonautes\"><br>Voici le formulaire d\u2019adh\u00e9sion aux CRD<\/a> pour pouvoir voter \u00e0 l&rsquo;AG et montrer que vous soutenez le renouvellement de la D\u00e9mocratie par les Assembl\u00e9e de co-d\u00e9cision.<\/p>\n\n\n\n<div class=\"wp-block-columns alignfull is-layout-flex wp-container-core-columns-layout-1 wp-block-columns-is-layout-flex\">\n<div class=\"wp-block-column is-layout-flow wp-block-column-is-layout-flow\"><\/div>\n\n\n\n<div class=\"wp-block-column is-layout-flow wp-block-column-is-layout-flow\"><\/div>\n<\/div>\n\n\n\n<div class=\"wp-block-group is-layout-flow wp-block-group-is-layout-flow\"><div class=\"wp-block-group__inner-container\">\n<p class=\"has-text-align-center\"><strong><mark style=\"background-color:rgba(0, 0, 0, 0)\" class=\"has-inline-color has-primary-color\"><a href=\"https:\/\/docs.google.com\/spreadsheets\/d\/1togtaSX3cF9_qJVEsE2OsNCcFE0rDl8BGkhQE-CJHHw\/edit?usp=sharing\">ICI les missions b\u00e9n\u00e9voles possibles<\/a><\/mark><\/strong><\/p>\n<\/div><\/div>\n\n\n\n<p><\/p>\n","protected":false},"excerpt":{"rendered":"<p>Pourquoi adh\u00e9rer ? Pour exprimer que je veux une d\u00e9mocratie plus directe et continue ! Les \u00e9lus que l&rsquo;on contacte nous demandent syst\u00e9matiquement combien l&rsquo;on a d&rsquo;adh\u00e9rents&#8230;Et plus pour ceux qui veulent : Recevoir la lettre d&rsquo;information mensuelle.S&rsquo;impliquer, participer.Devenir copropri\u00e9taire de l&rsquo;association, en prendre soin, l&rsquo;orienter lors des AG, etc.Avoir le soutien de l&rsquo;association pour [&hellip;]<\/p>\n","protected":false},"author":2,"featured_media":0,"parent":0,"menu_order":0,"comment_status":"closed","ping_status":"closed","template":"","meta":{"footnotes":""},"_links":{"self":[{"href":"https:\/\/lescrd.org\/index.php\/wp-json\/wp\/v2\/pages\/148"}],"collection":[{"href":"https:\/\/lescrd.org\/index.php\/wp-json\/wp\/v2\/pages"}],"about":[{"href":"https:\/\/lescrd.org\/index.php\/wp-json\/wp\/v2\/types\/page"}],"author":[{"embeddable":true,"href":"https:\/\/lescrd.org\/index.php\/wp-json\/wp\/v2\/users\/2"}],"replies":[{"embeddable":true,"href":"https:\/\/lescrd.org\/index.php\/wp-json\/wp\/v2\/comments?post=148"}],"version-history":[{"count":41,"href":"https:\/\/lescrd.org\/index.php\/wp-json\/wp\/v2\/pages\/148\/revisions"}],"predecessor-version":[{"id":1513,"href":"https:\/\/lescrd.org\/index.php\/wp-json\/wp\/v2\/pages\/148\/revisions\/1513"}],"wp:attachment":[{"href":"https:\/\/lescrd.org\/index.php\/wp-json\/wp\/v2\/media?parent=148"}],"curies":[{"name":"wp","href":"https:\/\/api.w.org\/{rel}","templated":true}]}}