{"id":152,"date":"2019-11-22T15:33:52","date_gmt":"2019-11-22T14:33:52","guid":{"rendered":"http:\/\/lescrd.org\/?page_id=152"},"modified":"2023-08-19T17:17:00","modified_gmt":"2023-08-19T15:17:00","slug":"candidat-aux-prochaines-elections-rejoignez-nous","status":"publish","type":"page","link":"https:\/\/lescrd.org\/index.php\/candidat-aux-prochaines-elections-rejoignez-nous\/","title":{"rendered":"Candidat ou \u00e9lu aux prochaines \u00e9lections : rejoignez-nous"},"content":{"rendered":"\n<h3 class=\"wp-block-heading\"><strong>Notre solution vous int\u00e9resse ? <\/strong><\/h3>\n\n\n\n<p><strong>Parlons-en, contactez Louis-Marie Blanchard : <\/strong><\/p>\n\n\n\n<p><strong>06 70 939 939 \/louis-marie.blanchard <strong>[@]<\/strong><\/strong> <strong>lescrd.org <\/strong><\/p>\n\n\n\n<hr class=\"wp-block-separator has-text-color has-css-opacity has-background\" style=\"background-color:#ec5700;color:#ec5700\"\/>\n\n\n\n<h3 class=\"wp-block-heading\">Vous h\u00e9sitez ?<\/h3>\n\n\n\n<p><strong>Voici quelques arguments qui nous ont \u00e9t\u00e9 donn\u00e9 pour vous, par des maires de grandes villes lors du salon des maires : <\/strong><\/p>\n\n\n<div class=\"wp-block-image\">\n<figure class=\"alignleft size-full is-resized\"><img decoding=\"async\" src=\"https:\/\/lescrd.org\/wp-content\/uploads\/2023\/08\/rond_orange_vierge_80x80_contour_interieur.png\" alt=\"\" class=\"wp-image-1331\" style=\"width:30px;height:83px\" width=\"30\" height=\"83\"\/><\/figure><\/div>\n\n\n<p>Si les choses sont bien faites :&nbsp;<strong>les \u00e9lus ma\u00eetrisent bien<\/strong>&nbsp;et tout le monde est satisfait. Les bonnes id\u00e9es et l&rsquo;int\u00e9r\u00eat g\u00e9n\u00e9ral n&rsquo;ont pas de couleurs politiques<\/p>\n\n\n<div class=\"wp-block-image\">\n<figure class=\"alignleft size-full is-resized\"><img decoding=\"async\" src=\"https:\/\/lescrd.org\/wp-content\/uploads\/2023\/08\/rond_orange_vierge_80x80_contour_interieur.png\" alt=\"\" class=\"wp-image-1331\" style=\"width:30px\" width=\"30\"\/><\/figure><\/div>\n\n\n<p><strong>Il y a une demande des citoyens<\/strong>\u00a0\u00e0 participer au-del\u00e0 d&rsquo;un simple avis, c&rsquo;est le r\u00f4le du maire d&rsquo;organiser l&rsquo;animation du territoire et les conditions de d\u00e9bats sereins.<\/p>\n\n\n<div class=\"wp-block-image\">\n<figure class=\"alignleft size-full is-resized\"><img decoding=\"async\" src=\"https:\/\/lescrd.org\/wp-content\/uploads\/2023\/08\/rond_orange_vierge_80x80_contour_interieur.png\" alt=\"\" class=\"wp-image-1331\" style=\"width:30px\" width=\"30\"\/><\/figure><\/div>\n\n\n<p>Cela\u00a0<strong>redonne confiance dans la politique<\/strong>\u00a0et peut donc faire revenir au vote des abstentionnistes et des votes blancs<\/p>\n\n\n<div class=\"wp-block-image\">\n<figure class=\"alignleft size-full is-resized\"><img decoding=\"async\" src=\"https:\/\/lescrd.org\/wp-content\/uploads\/2023\/08\/rond_orange_vierge_80x80_contour_interieur.png\" alt=\"\" class=\"wp-image-1331\" style=\"width:30px\" width=\"30\"\/><\/figure><\/div>\n\n\n<p>Cela permet des prises de conscience dans la population\u00a0<strong>les d\u00e9cisions publiques sont meilleures et mieux comprises<\/strong><\/p>\n\n\n<div class=\"wp-block-image\">\n<figure class=\"alignleft size-full is-resized\"><img decoding=\"async\" src=\"https:\/\/lescrd.org\/wp-content\/uploads\/2023\/08\/rond_orange_vierge_80x80_contour_interieur.png\" alt=\"\" class=\"wp-image-1331\" style=\"width:30px\" width=\"30\"\/><\/figure><\/div>\n\n\n<p>Cela fait soci\u00e9t\u00e9, cr\u00e9e du collectif et du lien :\u00a0<strong>c&rsquo;est une r\u00e9ponse \u00e0 l&rsquo;individualisme.<\/strong><\/p>\n\n\n<div class=\"wp-block-image\">\n<figure class=\"alignleft size-full is-resized\"><img decoding=\"async\" src=\"https:\/\/lescrd.org\/wp-content\/uploads\/2023\/08\/rond_orange_vierge_80x80_contour_interieur.png\" alt=\"\" class=\"wp-image-1331\" style=\"width:30px\" width=\"30\"\/><\/figure><\/div>\n\n\n<p>Cela\u00a0<strong>permet d&rsquo;impliquer les habitants et donc de r\u00e9duire le budget<\/strong>\u00a0ou faire mieux ce que l&rsquo;on fait d\u00e9j\u00e0 bien<\/p>\n","protected":false},"excerpt":{"rendered":"<p>Notre solution vous int\u00e9resse ? Parlons-en, contactez Louis-Marie Blanchard : 06 70 939 939 \/louis-marie.blanchard [@] lescrd.org Vous h\u00e9sitez ? Voici quelques arguments qui nous ont \u00e9t\u00e9 donn\u00e9 pour vous, par des maires de grandes villes lors du salon des maires : Si les choses sont bien faites :&nbsp;les \u00e9lus ma\u00eetrisent bien&nbsp;et tout le monde [&hellip;]<\/p>\n","protected":false},"author":2,"featured_media":0,"parent":0,"menu_order":0,"comment_status":"closed","ping_status":"closed","template":"","meta":{"footnotes":""},"_links":{"self":[{"href":"https:\/\/lescrd.org\/index.php\/wp-json\/wp\/v2\/pages\/152"}],"collection":[{"href":"https:\/\/lescrd.org\/index.php\/wp-json\/wp\/v2\/pages"}],"about":[{"href":"https:\/\/lescrd.org\/index.php\/wp-json\/wp\/v2\/types\/page"}],"author":[{"embeddable":true,"href":"https:\/\/lescrd.org\/index.php\/wp-json\/wp\/v2\/users\/2"}],"replies":[{"embeddable":true,"href":"https:\/\/lescrd.org\/index.php\/wp-json\/wp\/v2\/comments?post=152"}],"version-history":[{"count":26,"href":"https:\/\/lescrd.org\/index.php\/wp-json\/wp\/v2\/pages\/152\/revisions"}],"predecessor-version":[{"id":1333,"href":"https:\/\/lescrd.org\/index.php\/wp-json\/wp\/v2\/pages\/152\/revisions\/1333"}],"wp:attachment":[{"href":"https:\/\/lescrd.org\/index.php\/wp-json\/wp\/v2\/media?parent=152"}],"curies":[{"name":"wp","href":"https:\/\/api.w.org\/{rel}","templated":true}]}}