{"id":27,"date":"2019-11-22T11:28:56","date_gmt":"2019-11-22T10:28:56","guid":{"rendered":"http:\/\/lescrd.org\/?page_id=27"},"modified":"2022-01-11T21:04:30","modified_gmt":"2022-01-11T20:04:30","slug":"notre-modele-economique","status":"publish","type":"page","link":"https:\/\/lescrd.org\/index.php\/notre-modele-economique\/","title":{"rendered":"Notre mod\u00e8le \u00e9conomique"},"content":{"rendered":"\n<p class=\"has-primary-color has-text-color has-background\" style=\"background-color:#ec5700\"><strong>Pour garantir notre ind\u00e9pendance et notre p\u00e9r\u00e9nit\u00e9, nous ne voulons pas d\u00e9pendre de subvention.  <\/strong><br><br><strong>Pour les premi\u00e8res ann\u00e9es nos ressources viendront du b\u00e9n\u00e9volat et de ventes de prestation de service aux collectivit\u00e9s, pour sensibiliser et mettre en \u0153uvre la proc\u00e9dure de d\u00e9mocratie en intelligence collectiv<\/strong>e.  <\/p>\n\n\n\n<p class=\"has-text-align-center has-primary-color has-text-color has-background\" style=\"background-color:#ec5700\"><a href=\"https:\/\/docs.google.com\/spreadsheets\/d\/1_u9UY4oszTASN0PPvgTtFI1siHePF352\/edit#gid=1857556422\">ICI notre mod\u00e8le \u00e9conomique pr\u00e9sent\u00e9 sous forme la forme \u00ab\u00a0BMC\u00a0\u00bb<\/a><\/p>\n\n\n\n<hr class=\"wp-block-separator has-text-color has-background\" style=\"background-color:#ec5700;color:#ec5700\"\/>\n\n\n\n<p><strong>Nous pr\u00e9voyons \u00e0 terme de proposer des formations aux m\u00e9thodes que nous avons d\u00e9velopp\u00e9es, sous licence Creative Commons.<\/strong><\/p>\n\n\n\n<p><strong>Nous envisageons la vente d\u2019un m\u00e9dia pour diffuser les r\u00e9sultats des proc\u00e9dures de d\u00e9mocratie en intelligence collective. Si ce projet m\u00e9diat vous int\u00e9resse contactez-nous d\u00e8s maintenant pour le concevoir. Y compris son mod\u00e8le \u00e9conomique.<\/strong><\/p>\n\n\n\n<div class=\"wp-block-image\"><figure class=\"aligncenter size-large is-resized\"><img decoding=\"async\" src=\"http:\/\/lescrd.org\/wp-content\/uploads\/2019\/11\/rond-blanc-1-1024x1024.png\" alt=\"\" class=\"wp-image-253\" width=\"35\" height=\"35\" srcset=\"https:\/\/lescrd.org\/wp-content\/uploads\/2019\/11\/rond-blanc-1-1024x1024.png 1024w, https:\/\/lescrd.org\/wp-content\/uploads\/2019\/11\/rond-blanc-1-300x300.png 300w, https:\/\/lescrd.org\/wp-content\/uploads\/2019\/11\/rond-blanc-1-150x150.png 150w, https:\/\/lescrd.org\/wp-content\/uploads\/2019\/11\/rond-blanc-1-768x768.png 768w, https:\/\/lescrd.org\/wp-content\/uploads\/2019\/11\/rond-blanc-1-1536x1536.png 1536w, https:\/\/lescrd.org\/wp-content\/uploads\/2019\/11\/rond-blanc-1-2048x2048.png 2048w, https:\/\/lescrd.org\/wp-content\/uploads\/2019\/11\/rond-blanc-1-1200x1200.png 1200w, https:\/\/lescrd.org\/wp-content\/uploads\/2019\/11\/rond-blanc-1-1980x1980.png 1980w\" sizes=\"(max-width: 35px) 100vw, 35px\" \/><\/figure><\/div>\n\n\n\n<p class=\"has-primary-color has-text-color has-background\" style=\"background-color:#ec5700\"><strong>Les grandes orientation \u00e9conomiques sont valid\u00e9es en AG. Des citoyens tir\u00e9s au sort auditent l\u2019association. Nous esp\u00e9rons qu\u2019ils choisiront r\u00e9guli\u00e8rement d\u2019aller dans le d\u00e9tail des comptes pour aider l\u2019association \u00e0 s\u2019am\u00e9liorer et communiquer un autre point de vue que celui du CA aux adh\u00e9rents.<\/strong><\/p>\n","protected":false},"excerpt":{"rendered":"<p>Pour garantir notre ind\u00e9pendance et notre p\u00e9r\u00e9nit\u00e9, nous ne voulons pas d\u00e9pendre de subvention. Pour les premi\u00e8res ann\u00e9es nos ressources viendront du b\u00e9n\u00e9volat et de ventes de prestation de service aux collectivit\u00e9s, pour sensibiliser et mettre en \u0153uvre la proc\u00e9dure de d\u00e9mocratie en intelligence collective. ICI notre mod\u00e8le \u00e9conomique pr\u00e9sent\u00e9 sous forme la forme \u00ab\u00a0BMC\u00a0\u00bb [&hellip;]<\/p>\n","protected":false},"author":2,"featured_media":0,"parent":0,"menu_order":0,"comment_status":"closed","ping_status":"closed","template":"","meta":{"footnotes":""},"_links":{"self":[{"href":"https:\/\/lescrd.org\/index.php\/wp-json\/wp\/v2\/pages\/27"}],"collection":[{"href":"https:\/\/lescrd.org\/index.php\/wp-json\/wp\/v2\/pages"}],"about":[{"href":"https:\/\/lescrd.org\/index.php\/wp-json\/wp\/v2\/types\/page"}],"author":[{"embeddable":true,"href":"https:\/\/lescrd.org\/index.php\/wp-json\/wp\/v2\/users\/2"}],"replies":[{"embeddable":true,"href":"https:\/\/lescrd.org\/index.php\/wp-json\/wp\/v2\/comments?post=27"}],"version-history":[{"count":9,"href":"https:\/\/lescrd.org\/index.php\/wp-json\/wp\/v2\/pages\/27\/revisions"}],"predecessor-version":[{"id":925,"href":"https:\/\/lescrd.org\/index.php\/wp-json\/wp\/v2\/pages\/27\/revisions\/925"}],"wp:attachment":[{"href":"https:\/\/lescrd.org\/index.php\/wp-json\/wp\/v2\/media?parent=27"}],"curies":[{"name":"wp","href":"https:\/\/api.w.org\/{rel}","templated":true}]}}