{"id":385,"date":"2019-12-02T10:29:27","date_gmt":"2019-12-02T09:29:27","guid":{"rendered":"http:\/\/lescrd.org\/?page_id=385"},"modified":"2019-12-02T10:40:45","modified_gmt":"2019-12-02T09:40:45","slug":"louis-marie-blanchard","status":"publish","type":"page","link":"https:\/\/lescrd.org\/index.php\/louis-marie-blanchard\/","title":{"rendered":"Louis-Marie Blanchard"},"content":{"rendered":"\n<div class=\"wp-block-image is-style-circle-mask\"><figure class=\"aligncenter size-large is-resized\"><img decoding=\"async\" src=\"http:\/\/lescrd.org\/wp-content\/uploads\/2019\/12\/photo.png\" alt=\"\" class=\"wp-image-387\" width=\"181\" height=\"181\"\/><\/figure><\/div>\n\n\n\n<h6 class=\"has-text-color wp-block-heading\" style=\"color:#000000\">Louis-Marie Blanchard<\/h6>\n\n\n\n<p> <em>Administrateur, b\u00e9n\u00e9vole \u00e0 quasi-temps plein . N\u00e9 en 1976 <\/em><\/p>\n\n\n\n<p style=\"color:#ec5700\" class=\"has-text-color\"><strong>&#8230; Parcours pro <\/strong><\/p>\n\n\n\n<p>Formation universitaire en psychologie, en\nsociologie, en administration et en diagnostic d&rsquo;entreprises. Il s&rsquo;est form\u00e9 en\nPNL (coaching), en CNV (communication), \u00e0 l&rsquo;enn\u00e9agramme (typologie de\npersonnalit\u00e9s), au management agile, en gestion du bien-\u00eatre au travail, en\nconduite de l&rsquo;innovation, en Sociocratie et en Holacratie, en intelligence\ncollective, \u00e0 la gestion des \u00e9motions en entreprise, etc.&nbsp;<\/p>\n\n\n\n<p>Il est associ\u00e9 de la marque Service&amp;Sens,&nbsp;<strong>formateur-conseil en intelligence collective<\/strong>&nbsp;et management d&rsquo;entreprise agile et collaborative. Il pratique lui-m\u00eame depuis 10 ans, en tant que&nbsp;<strong>dirigeant ou co-fondateur de sept entreprises \u00e0 mission et associations,<\/strong>&nbsp;les techniques qu&rsquo;il enseigne.<\/p>\n\n\n\n<p style=\"color:#ec5700\" class=\"has-text-color\"><strong>&#8230; Un petit mot sur les raisons de son engagement pour les CRD <\/strong> <\/p>\n\n\n\n<blockquote class=\"wp-block-quote\"><p><em>  Je vois que notre d\u00e9mocratie dysfonctionne, pour de nombreuses raisons logiques. Or c\u2019est principalement notre d\u00e9mocratie qui r\u00e9gule les impacts de notre soci\u00e9t\u00e9 sur l\u2019humain et la nature. <\/em><\/p><p><em> J\u2019aime profond\u00e9ment l\u2019humanit\u00e9 et la nature et je sais que \u00ab&nbsp;nous sommes responsables de ce que nous laissons faire et&nbsp;critiquer sans r\u00e9sultats constructif c\u2019est laisser faire&nbsp;\u00bb.&nbsp;&nbsp; <\/em><\/p><p><em> Mon m\u00e9tier autour de l\u2019intelligence collective m\u2019a appris que si l\u2019on met les personnes impact\u00e9es par une d\u00e9cision, dans un processus de cod\u00e9cision bien construit, il en sort le meilleur. J\u2019ai envie d\u2019une d\u00e9mocratie en intelligence collective.<\/em><\/p><p><em> J\u2019ai donc rejoint un groupe qui est pr\u00eat \u00e0 se lancer dans le projet &#8211; follement ambitieux mais n\u00e9cessaire &#8211; de reconstruire les processus de d\u00e9cision d\u00e9mocratique. &nbsp;<\/em><\/p><p><em> &nbsp;\u00ab&nbsp;Un chemin de mille pas commence par un seul pas.&nbsp;\u00bb (Lao Tse) <\/em><\/p><p><em>\u00ab&nbsp;Ne doutez jamais qu&rsquo;un petit groupe de personnes peuvent changer le monde. En fait, c&rsquo;est toujours ainsi que le monde a chang\u00e9.&nbsp;\u00bb&nbsp;(Margaret Mead)<\/em><\/p><\/blockquote>\n\n\n<p><!--EndFragment--><\/p>","protected":false},"excerpt":{"rendered":"<p>Louis-Marie Blanchard Administrateur, b\u00e9n\u00e9vole \u00e0 quasi-temps plein . N\u00e9 en 1976 &#8230; Parcours pro Formation universitaire en psychologie, en sociologie, en administration et en diagnostic d&rsquo;entreprises. Il s&rsquo;est form\u00e9 en PNL (coaching), en CNV (communication), \u00e0 l&rsquo;enn\u00e9agramme (typologie de personnalit\u00e9s), au management agile, en gestion du bien-\u00eatre au travail, en conduite de l&rsquo;innovation, en Sociocratie [&hellip;]<\/p>\n","protected":false},"author":2,"featured_media":0,"parent":0,"menu_order":0,"comment_status":"closed","ping_status":"closed","template":"","meta":{"footnotes":""},"_links":{"self":[{"href":"https:\/\/lescrd.org\/index.php\/wp-json\/wp\/v2\/pages\/385"}],"collection":[{"href":"https:\/\/lescrd.org\/index.php\/wp-json\/wp\/v2\/pages"}],"about":[{"href":"https:\/\/lescrd.org\/index.php\/wp-json\/wp\/v2\/types\/page"}],"author":[{"embeddable":true,"href":"https:\/\/lescrd.org\/index.php\/wp-json\/wp\/v2\/users\/2"}],"replies":[{"embeddable":true,"href":"https:\/\/lescrd.org\/index.php\/wp-json\/wp\/v2\/comments?post=385"}],"version-history":[{"count":3,"href":"https:\/\/lescrd.org\/index.php\/wp-json\/wp\/v2\/pages\/385\/revisions"}],"predecessor-version":[{"id":401,"href":"https:\/\/lescrd.org\/index.php\/wp-json\/wp\/v2\/pages\/385\/revisions\/401"}],"wp:attachment":[{"href":"https:\/\/lescrd.org\/index.php\/wp-json\/wp\/v2\/media?parent=385"}],"curies":[{"name":"wp","href":"https:\/\/api.w.org\/{rel}","templated":true}]}}