{"id":389,"date":"2019-12-02T10:31:54","date_gmt":"2019-12-02T09:31:54","guid":{"rendered":"http:\/\/lescrd.org\/?page_id=389"},"modified":"2019-12-13T10:42:03","modified_gmt":"2019-12-13T09:42:03","slug":"laurent-mellah","status":"publish","type":"page","link":"https:\/\/lescrd.org\/index.php\/laurent-mellah\/","title":{"rendered":"Laurent Mellah"},"content":{"rendered":"\n<div class=\"wp-block-image is-style-circle-mask\"><figure class=\"aligncenter size-large is-resized\"><img decoding=\"async\" src=\"http:\/\/lescrd.org\/wp-content\/uploads\/2019\/12\/Laurent-MELLAH-5-1-1024x993.png\" alt=\"\" class=\"wp-image-587\" width=\"181\" height=\"181\"\/><\/figure><\/div>\n\n\n\n<h6 class=\"has-text-color wp-block-heading\" style=\"color:#000000\"> <strong>Laurent Mellah<\/strong> <\/h6>\n\n\n\n<p><em>Administrateur <\/em><\/p>\n\n\n\n<p style=\"color:#ec5700\" class=\"has-text-color\"><strong>&#8230; Parcours pro <\/strong><\/p>\n\n\n\n<p>Formation\nen sciences, en technologies et en marketing des services. Il s\u2019est \u00e9galement\nform\u00e9 en management agile et en conduite de l\u2019innovation, ainsi que sur\ncertains outils psychom\u00e9triques. Il a notamment cr\u00e9\u00e9 et d\u00e9velopp\u00e9 des\nentreprises dans le monde des technologies et des services associ\u00e9s.<\/p>\n\n\n\n<p>Il est aujourd\u2019hui co-fondateur de Service&amp;Sens, entreprise sp\u00e9cialis\u00e9e dans l\u2019accompagnement des transformations servicielles et la croissance relationnelle. Consultant, formateur et conf\u00e9rencier, il s\u2019attache notamment \u00e0 apporter des outils et du conseil pour faire \u00e9voluer les mod\u00e8les \u00e9conomiques vers des mod\u00e8les centr\u00e9s sur les usages (\u00e9conomie de la fonctionnalit\u00e9, innovation de service\u2026), et de la formation pour renforcer les capacit\u00e9s relationnelles des \u00e9quipes (managers, techniciens, administratifs, commerciaux\u2026). Il est pr\u00e9sident de l\u2019AFSM, association professionnelle des Managers Services de soci\u00e9t\u00e9s technologiques, tr\u00e9sorier de la CFSMI, conf\u00e9d\u00e9ration europ\u00e9enne des services technologiques, vice-pr\u00e9sident des P\u00f4les du Management Lyon et membre du CA de la Chambre Professionnelle du Conseil Rh\u00f4ne-Alpes. <\/p>\n","protected":false},"excerpt":{"rendered":"<p>Laurent Mellah Administrateur &#8230; Parcours pro Formation en sciences, en technologies et en marketing des services. Il s\u2019est \u00e9galement form\u00e9 en management agile et en conduite de l\u2019innovation, ainsi que sur certains outils psychom\u00e9triques. Il a notamment cr\u00e9\u00e9 et d\u00e9velopp\u00e9 des entreprises dans le monde des technologies et des services associ\u00e9s. Il est aujourd\u2019hui co-fondateur [&hellip;]<\/p>\n","protected":false},"author":2,"featured_media":0,"parent":0,"menu_order":0,"comment_status":"closed","ping_status":"closed","template":"","meta":{"footnotes":""},"_links":{"self":[{"href":"https:\/\/lescrd.org\/index.php\/wp-json\/wp\/v2\/pages\/389"}],"collection":[{"href":"https:\/\/lescrd.org\/index.php\/wp-json\/wp\/v2\/pages"}],"about":[{"href":"https:\/\/lescrd.org\/index.php\/wp-json\/wp\/v2\/types\/page"}],"author":[{"embeddable":true,"href":"https:\/\/lescrd.org\/index.php\/wp-json\/wp\/v2\/users\/2"}],"replies":[{"embeddable":true,"href":"https:\/\/lescrd.org\/index.php\/wp-json\/wp\/v2\/comments?post=389"}],"version-history":[{"count":5,"href":"https:\/\/lescrd.org\/index.php\/wp-json\/wp\/v2\/pages\/389\/revisions"}],"predecessor-version":[{"id":589,"href":"https:\/\/lescrd.org\/index.php\/wp-json\/wp\/v2\/pages\/389\/revisions\/589"}],"wp:attachment":[{"href":"https:\/\/lescrd.org\/index.php\/wp-json\/wp\/v2\/media?parent=389"}],"curies":[{"name":"wp","href":"https:\/\/api.w.org\/{rel}","templated":true}]}}