{"id":75,"date":"2019-11-22T13:35:57","date_gmt":"2019-11-22T12:35:57","guid":{"rendered":"http:\/\/lescrd.org\/?page_id=75"},"modified":"2021-09-07T11:46:24","modified_gmt":"2021-09-07T09:46:24","slug":"nos-constats","status":"publish","type":"page","link":"https:\/\/lescrd.org\/index.php\/nos-constats\/","title":{"rendered":"Nos constats"},"content":{"rendered":"\n<figure class=\"wp-block-pullquote\"><blockquote><p><strong>La d\u00e9connexion entre les citoyens et leurs repr\u00e9sentants engendre une perte de confiance, des tensions et de l&rsquo;inefficacit\u00e9.<\/strong><\/p><\/blockquote><\/figure>\n\n\n\n<figure class=\"wp-block-pullquote\"><blockquote><p><strong>Les d\u00e9mocraties dans le monde\nsont confront\u00e9es \u00e0 une mont\u00e9e des autoritarismes.<\/strong><\/p><\/blockquote><\/figure>\n\n\n\n<figure class=\"wp-block-pullquote\"><blockquote><p><strong>Nous\navons une inqui\u00e9tante difficult\u00e9 \u00e0 affronter les grands enjeux et transitions\nen cours.<\/strong><\/p><\/blockquote><\/figure>\n\n\n\n<p class=\"has-text-align-center\">Un <strong>travail collectif a eu lieu pour constater les dysfonctionnements de notre d\u00e9mocratie, les analyser un par un, puis \u00e9tablir la proposition des CRD pour am\u00e9liorer les choses. <\/strong> <\/p>\n\n\n\n<div class=\"wp-block-group\"><div class=\"wp-block-group__inner-container is-layout-flow wp-block-group-is-layout-flow\">\n<div class=\"wp-block-columns is-layout-flex wp-container-core-columns-layout-1 wp-block-columns-is-layout-flex\">\n<div class=\"wp-block-column is-layout-flow wp-block-column-is-layout-flow\" style=\"flex-basis:50%\">\n<p class=\"has-text-align-center\">P<strong>our lire ce travail c&rsquo;est ici :<\/strong><\/p>\n<\/div>\n\n\n\n<div class=\"wp-block-column is-layout-flow wp-block-column-is-layout-flow\" style=\"flex-basis:50%\">\n<div class=\"wp-block-button aligncenter\"><a class=\"wp-block-button__link has-text-color has-background\" href=\"https:\/\/docs.google.com\/document\/d\/1nO9_mMk5RHDfUxLsguXAw5P4vr0nhnjq2_-Dla7tlF8\/edit\" style=\"border-radius:41px;background-color:#ec5700;color:#fcfcfc\" target=\"_blank\" rel=\"noreferrer noopener\">  Notre document fondateur  <\/a><\/div>\n<\/div>\n<\/div>\n<\/div><\/div>\n\n\n\n<p><\/p>\n","protected":false},"excerpt":{"rendered":"<p>La d\u00e9connexion entre les citoyens et leurs repr\u00e9sentants engendre une perte de confiance, des tensions et de l&rsquo;inefficacit\u00e9. Les d\u00e9mocraties dans le monde sont confront\u00e9es \u00e0 une mont\u00e9e des autoritarismes. Nous avons une inqui\u00e9tante difficult\u00e9 \u00e0 affronter les grands enjeux et transitions en cours. Un travail collectif a eu lieu pour constater les dysfonctionnements de [&hellip;]<\/p>\n","protected":false},"author":2,"featured_media":0,"parent":0,"menu_order":0,"comment_status":"closed","ping_status":"closed","template":"","meta":{"footnotes":""},"_links":{"self":[{"href":"https:\/\/lescrd.org\/index.php\/wp-json\/wp\/v2\/pages\/75"}],"collection":[{"href":"https:\/\/lescrd.org\/index.php\/wp-json\/wp\/v2\/pages"}],"about":[{"href":"https:\/\/lescrd.org\/index.php\/wp-json\/wp\/v2\/types\/page"}],"author":[{"embeddable":true,"href":"https:\/\/lescrd.org\/index.php\/wp-json\/wp\/v2\/users\/2"}],"replies":[{"embeddable":true,"href":"https:\/\/lescrd.org\/index.php\/wp-json\/wp\/v2\/comments?post=75"}],"version-history":[{"count":23,"href":"https:\/\/lescrd.org\/index.php\/wp-json\/wp\/v2\/pages\/75\/revisions"}],"predecessor-version":[{"id":907,"href":"https:\/\/lescrd.org\/index.php\/wp-json\/wp\/v2\/pages\/75\/revisions\/907"}],"wp:attachment":[{"href":"https:\/\/lescrd.org\/index.php\/wp-json\/wp\/v2\/media?parent=75"}],"curies":[{"name":"wp","href":"https:\/\/api.w.org\/{rel}","templated":true}]}}