{"id":93,"date":"2019-11-22T13:58:10","date_gmt":"2019-11-22T12:58:10","guid":{"rendered":"http:\/\/lescrd.org\/?page_id=93"},"modified":"2023-08-19T04:54:53","modified_gmt":"2023-08-19T02:54:53","slug":"ce-que-nous-voulons","status":"publish","type":"page","link":"https:\/\/lescrd.org\/index.php\/ce-que-nous-voulons\/","title":{"rendered":"Ce que nous voulons"},"content":{"rendered":"<p><\/p>\n<p><strong><img decoding=\"async\" src=\"https:\/\/lescrd.org\/wp-content\/uploads\/2023\/08\/rond_orange_vierge_1_contour_interieur.png\" alt=\"\" width=\"80\" height=\"80\" \/>Pouvoir faire confiance \u00e0 notre d\u00e9mocratie : qu&rsquo;elle soit participative et transparente.<\/strong><\/p>\n<p><\/p>\n<p><\/p>\n<p>\u00a0<\/p>\n<p><strong><img decoding=\"async\" src=\"https:\/\/lescrd.org\/wp-content\/uploads\/2023\/08\/rond_orange_vierge_2_contour_interieur.png\" alt=\"\" width=\"80\" height=\"80\" \/>Des d\u00e9cisions publiques \u00e0 la hauteur des enjeux et qui sont appliqu\u00e9es car elles sont l\u00e9gitimes et intelligentes, c\u2019est-\u00e0-dire adapt\u00e9es \u00e0 la r\u00e9alit\u00e9 car prises avec les citoyens impact\u00e9s.<\/strong><\/p>\n<p><\/p>\n<p><\/p>\n<p>\u00a0<\/p>\n<p><strong><img decoding=\"async\" src=\"https:\/\/lescrd.org\/wp-content\/uploads\/2023\/08\/rond_orange_vierge_3_contour_interieur.png\" alt=\"\" width=\"80\" height=\"80\" \/>Nous voulons rendre \u00e0 notre d\u00e9mocratie la capacit\u00e9 \u00e0 : <\/strong><\/p>\n<ul>\n<li><strong>\u00catre proche des citoyens, pour mieux se comprendre r\u00e9ciproquement <\/strong>(r\u00e9guler les pouvoirs des int\u00e9r\u00eats financiers et am\u00e9liorer le savoir-\u00eatre citoyen)<\/li>\n<li><strong>Prendre des d\u00e9cisions bien accept\u00e9es et \u00e0 la hauteur des d\u00e9fis de notre temps <\/strong>(\u00e9cologie et performance \u00e9conomique, innovation et maitrise de nos destins, etc.)<\/li>\n<li><strong>Faire vivre les valeurs de la r\u00e9publique <\/strong>(notamment la Fraternit\u00e9\u00a0: amour pour la communaut\u00e9 humaine, parfois appel\u00e9 \u00ab\u00a0justice sociale\u00a0\u00bb)<\/li>\n<\/ul>\n<p><\/p>\n<p><\/p>\n<hr style=\"background-color: #ec5700; color: #ec5700;\" \/>\n<p><\/p>\n<p><\/p>\n<p><strong>Le cahier des charges \u00e0 l\u2019origine de notre proposition<\/strong><\/p>\n<p><\/p>\n<p><\/p>\n<p><strong><img decoding=\"async\" src=\"https:\/\/lescrd.org\/wp-content\/uploads\/2023\/08\/rond_orange_vierge_26x26_contour_interieur.png\" alt=\"\" width=\"26\" height=\"26\" \/>D\u00e9cider avec les personnes impact\u00e9es par la d\u00e9cision, <\/strong>donc avec les acteurs du territoire ET les agents de la collectivit\u00e9 qui mettent en \u0153uvre ET les citoyens : un panel de 1000 est statistiquement repr\u00e9sentatif.<\/p>\n<p><\/p>\n<p><\/p>\n<p><strong><img decoding=\"async\" src=\"https:\/\/lescrd.org\/wp-content\/uploads\/2023\/08\/rond_orange_vierge_26x26_contour_interieur.png\" alt=\"\" width=\"26\" height=\"26\" \/>D\u00e9cider avec de l\u2019expertise. <\/strong>Des d\u00e9cisions prises par des citoyens sans expertise, ce serait une d\u00e9mocratie d\u2019opinion.<\/p>\n<p><\/p>\n<p><\/p>\n<p><img decoding=\"async\" src=\"https:\/\/lescrd.org\/wp-content\/uploads\/2023\/08\/rond_orange_vierge_26x26_contour_interieur.png\" alt=\"\" width=\"26\" height=\"26\" \/><strong>D\u00e9cider avec les \u00c9lus \/ d\u00e9cideurs. <\/strong>La d\u00e9mocratie participative se r\u00e9sume g\u00e9n\u00e9ralement \u00e0 une consultation : un avis que les citoyens rendent aux d\u00e9cideurs. Ensuite ces derniers ne peuvent pas suivre l\u2019avis car il ne prend pas en compte leurs contraintes, g\u00e9n\u00e9ralement bien l\u00e9gitimes. S\u2019ils ne participent pas, \u00e7a ne fonctionne pas.<\/p>\n<p><\/p>\n<p><\/p>\n<p><strong>Faire avec le syst\u00e8me existant. <\/strong>Une solution id\u00e9ale mais \u00ab hors sol \u00bb n\u2019aurait aucune chance d\u2019aboutir.<\/p>\n<p><\/p>\n<p><\/p>\n<p><strong><img decoding=\"async\" src=\"https:\/\/lescrd.org\/wp-content\/uploads\/2023\/08\/rond_orange_vierge_26x26_contour_interieur.png\" alt=\"\" width=\"26\" height=\"26\" \/>Utiliser l\u2019intelligence collective. <\/strong>Cette discipline a beaucoup progress\u00e9, elle permet gr\u00e2ce \u00e0 des processus d\u2019animation, aux postures demand\u00e9es aux participants et \u00e0 la cr\u00e9ativit\u00e9, d\u2019\u00e9viter le vote ou le consensus mou et d\u2019arriver \u00e0 des d\u00e9cisions au consentement de tous.<\/p>\n<p><\/p>\n<p><\/p>\n<p><strong><img decoding=\"async\" src=\"https:\/\/lescrd.org\/wp-content\/uploads\/2023\/08\/rond_orange_vierge_26x26_contour_interieur.png\" alt=\"\" width=\"26\" height=\"26\" \/>Communiquer sur le chemin qui a permis la d\u00e9cision. <\/strong> Ainsi le plus grand nombre peut arriver aux m\u00eames conclusions. La transparence permet la confiance, la compr\u00e9hension permet l&rsquo;unit\u00e9. <em>\u00ab\u00a0Critiquer oui, mais seulement si tu as vu le film qui retrace le chemin qui a permis la d\u00e9cision\u00a0\u00bb.<\/em><\/p>\n<p><\/p>\n<p><\/p>\n<p><img decoding=\"async\" src=\"https:\/\/lescrd.org\/wp-content\/uploads\/2023\/08\/rond_orange_vierge_26x26_contour_interieur.png\" alt=\"\" width=\"26\" height=\"26\" \/>De l\u2019agilit\u00e9, c\u2019est LA solution face aux enjeux complexes de notre temps, elle implique:<strong> des d\u00e9cisions nombreuses et rapides<\/strong> \u00e0 tous les \u00e9chelons. Des <strong>exp\u00e9rimentations<\/strong>. De l\u2019<strong>\u00e9valuation<\/strong> con\u00e7ue pour apprendre et r\u00e9agir vite. L\u2019instabilit\u00e9 que cela cr\u00e9e, est compens\u00e9e par le consentement des personnes impact\u00e9es. Enfin, l\u2019agilit\u00e9 n\u2019est possible que si l\u2019on a pr\u00e9alablement d\u00e9fini <strong>un cap, clair et souhait\u00e9 par tous.<\/strong><\/p>\n<p><\/p>\n<p><\/p>\n<p><strong><img decoding=\"async\" src=\"https:\/\/lescrd.org\/wp-content\/uploads\/2023\/08\/rond_orange_vierge_26x26_contour_interieur.png\" alt=\"\" width=\"26\" height=\"26\" \/>Une solution peu on\u00e9reuse.<\/strong> Un r\u00e9f\u00e9rendum co\u00fbte 40 millions d\u2019euros, m\u00eame am\u00e9lior\u00e9 il ne peut constituer une r\u00e9ponse. Le co\u00fbt de la d\u00e9cision publique est d\u00e9cri\u00e9e. Idem pour les r\u00e9f\u00e9rendum locaux : les collectivit\u00e9s ont des moyens limit\u00e9s : le co\u00fbt est un frein.<\/p>\n<p><\/p>\n<p><\/p>\n<p><strong><img decoding=\"async\" src=\"https:\/\/lescrd.org\/wp-content\/uploads\/2023\/08\/rond_orange_vierge_26x26_contour_interieur.png\" alt=\"\" width=\"26\" height=\"26\" \/>Rendre aux citoyens la possibilit\u00e9 de mettre des sujets sur la table<\/strong>, c\u2019est eux qui connaissent leur probl\u00e8mes ! Cela permettra de mieux d\u00e9tecter les sujets d\u2019int\u00e9r\u00eat g\u00e9n\u00e9ral. Or actuellement c\u2019est difficile au niveau local et impossible au niveau national.<\/p>\n<p><\/p>\n<p><\/p>\n<p><strong><img decoding=\"async\" src=\"https:\/\/lescrd.org\/wp-content\/uploads\/2023\/08\/rond_orange_vierge_26x26_contour_interieur.png\" alt=\"\" width=\"26\" height=\"26\" \/>Se prot\u00e9ger des d\u00e9rives du syst\u00e8me des lobbys<\/strong>. La politique consiste \u00e0 coordonner sur la base de l\u2019int\u00e9r\u00eat g\u00e9n\u00e9ral, les int\u00e9r\u00eats divergents qui traversent notre soci\u00e9t\u00e9. Supprimer les groupes d\u2019int\u00e9r\u00eat rel\u00e8verait de l\u2019autoritarisme. Mais laisser certains groupes influencer les d\u00e9cisions parce qu\u2019ils en ont des moyens \u00e9conomiques c\u2019est l\u2019oligarchie, ce n\u2019est pas d\u00e9mocratique non plus.<\/p>\n<p><\/p>\n<p><\/p>\n<p><strong><img decoding=\"async\" src=\"https:\/\/lescrd.org\/wp-content\/uploads\/2023\/08\/rond_orange_vierge_26x26_contour_interieur.png\" alt=\"\" width=\"26\" height=\"26\" \/>Int\u00e9grer dans les processus d\u00e9cisionnels les r\u00f4les \u201cvoix de la nature\u201d et \u201cvoix des g\u00e9n\u00e9rations futures\u201d. <\/strong>Des personnes d\u00e9di\u00e9es pour repr\u00e9senter ces int\u00e9r\u00eats que notre soci\u00e9t\u00e9 a mis de c\u00f4t\u00e9.<\/p>\n<p><\/p>","protected":false},"excerpt":{"rendered":"<p>Pouvoir faire confiance \u00e0 notre d\u00e9mocratie : qu&rsquo;elle soit participative et transparente. \u00a0 Des d\u00e9cisions publiques \u00e0 la hauteur des enjeux et qui sont appliqu\u00e9es car elles sont l\u00e9gitimes et intelligentes, c\u2019est-\u00e0-dire adapt\u00e9es \u00e0 la r\u00e9alit\u00e9 car prises avec les citoyens impact\u00e9s. \u00a0 Nous voulons rendre \u00e0 notre d\u00e9mocratie la capacit\u00e9 \u00e0 : \u00catre proche [&hellip;]<\/p>\n","protected":false},"author":2,"featured_media":0,"parent":0,"menu_order":0,"comment_status":"closed","ping_status":"closed","template":"","meta":{"footnotes":""},"_links":{"self":[{"href":"https:\/\/lescrd.org\/index.php\/wp-json\/wp\/v2\/pages\/93"}],"collection":[{"href":"https:\/\/lescrd.org\/index.php\/wp-json\/wp\/v2\/pages"}],"about":[{"href":"https:\/\/lescrd.org\/index.php\/wp-json\/wp\/v2\/types\/page"}],"author":[{"embeddable":true,"href":"https:\/\/lescrd.org\/index.php\/wp-json\/wp\/v2\/users\/2"}],"replies":[{"embeddable":true,"href":"https:\/\/lescrd.org\/index.php\/wp-json\/wp\/v2\/comments?post=93"}],"version-history":[{"count":65,"href":"https:\/\/lescrd.org\/index.php\/wp-json\/wp\/v2\/pages\/93\/revisions"}],"predecessor-version":[{"id":1233,"href":"https:\/\/lescrd.org\/index.php\/wp-json\/wp\/v2\/pages\/93\/revisions\/1233"}],"wp:attachment":[{"href":"https:\/\/lescrd.org\/index.php\/wp-json\/wp\/v2\/media?parent=93"}],"curies":[{"name":"wp","href":"https:\/\/api.w.org\/{rel}","templated":true}]}}